{"id":75,"date":"2023-02-08T22:36:23","date_gmt":"2023-02-09T01:36:23","guid":{"rendered":"https:\/\/casofa.org.br\/ecom\/?page_id=75"},"modified":"2023-03-08T11:38:02","modified_gmt":"2023-03-08T14:38:02","slug":"orientacoes","status":"publish","type":"page","link":"https:\/\/casofa.org.br\/ecom\/orientacoes\/","title":{"rendered":"Orienta\u00e7\u00f5es"},"content":{"rendered":"\n<p>Obrigado por visitar nossa p\u00e1gina de vendas.<\/p>\n\n\n\n<p>Para adquirir seu(s) produto(s) clique no item que deseja e abrir\u00e1 a p\u00e1gina de detalhes.<\/p>\n\n\n\n<p>Verifique e altere se necess\u00e1rio a quantidade de produtos. Se tiver uma caixa com a op\u00e7\u00e3o de doa\u00e7\u00e3o, poder\u00e1 ser marcada caso deseje apenas comprar o produto e faremos a doa\u00e7\u00e3o do mesmo para uma fam\u00edlia carente. Clique em &#8220;Comprar&#8221; para adicionar ao carrinho.<\/p>\n\n\n\n<p>Clique em &#8220;Continuar&#8221; se quiser comprar mais produtos ou em &#8220;Finalizar Compra&#8221; para ir para o pagamento.<\/p>\n\n\n\n<p>Na p\u00e1gina de pagamento voc\u00ea deve entrar com seus dados. As informa\u00e7\u00f5es s\u00e3o muito importantes pois ser\u00e1 baseado nelas que entregaremos os produtos na retirada (ou no envio se for esse o caso), principalmente no CPF, pois quem for retirar vai ter que levar o CPF original informado na compra. Ser\u00e1 criada automaticamente uma conta e ser\u00e1 enviado um e-mail com a sua conta. Caso queira definir uma senha, abra o e-mail e clique no link enviado. A conta \u00e9 necess\u00e1ria para ver seus dados ou o que foi comprado. <\/p>\n\n\n\n<p>Siga para o pagamento que ser\u00e1 feito pelo servi\u00e7o PagSeguro. Uma janela ser\u00e1 aberta, onde poder\u00e1 ser visualizado o nome da Casa da Sopa Francisco de Assis. Fa\u00e7a o seu pagamento informando os dados solicitados. Lembramos que pode ser feito o pagamento sem ter que se registrar no servi\u00e7o PagSeguro.<\/p>\n\n\n\n<p>Ap\u00f3s conclu\u00eddo (visto que foi finalizado o pagamento), volte para a p\u00e1gina da Casofa e veja se j\u00e1 est\u00e1 dispon\u00edvel o bot\u00e3o de impress\u00e3o da ordem de compra: &#8220;Print Invoice&#8221;. Uma outra forma de imprimir o &#8220;voucher&#8221; \u00e9 indo na op\u00e7\u00e3o &#8220;Minha conta&#8221; (fazer o login se j\u00e1 n\u00e3o tiver feito) e clicar na op\u00e7\u00e3o &#8220;Pedidos&#8221;. <\/p>\n\n\n\n<p>L\u00e1 voc\u00ea poder\u00e1 ver os pedidos e imprimir o &#8220;voucher&#8221; (clicar no bot\u00e3o &#8220;Print Invoice&#8221;).<\/p>\n\n\n\n<p>Qualquer outra d\u00favida, pode nos ligar no n\u00famero (18) 3905-1515 ou (18) 99753-6670<\/p>\n","protected":false},"excerpt":{"rendered":"<p>Obrigado por visitar nossa p\u00e1gina de vendas. Para adquirir seu(s) produto(s) clique no item que deseja e abrir\u00e1 a p\u00e1gina&hellip;<\/p>\n","protected":false},"author":1,"featured_media":0,"parent":0,"menu_order":0,"comment_status":"closed","ping_status":"closed","template":"","meta":{"footnotes":""},"class_list":["post-75","page","type-page","status-publish","hentry"],"jetpack_sharing_enabled":true,"_links":{"self":[{"href":"https:\/\/casofa.org.br\/ecom\/wp-json\/wp\/v2\/pages\/75","targetHints":{"allow":["GET"]}}],"collection":[{"href":"https:\/\/casofa.org.br\/ecom\/wp-json\/wp\/v2\/pages"}],"about":[{"href":"https:\/\/casofa.org.br\/ecom\/wp-json\/wp\/v2\/types\/page"}],"author":[{"embeddable":true,"href":"https:\/\/casofa.org.br\/ecom\/wp-json\/wp\/v2\/users\/1"}],"replies":[{"embeddable":true,"href":"https:\/\/casofa.org.br\/ecom\/wp-json\/wp\/v2\/comments?post=75"}],"version-history":[{"count":2,"href":"https:\/\/casofa.org.br\/ecom\/wp-json\/wp\/v2\/pages\/75\/revisions"}],"predecessor-version":[{"id":100,"href":"https:\/\/casofa.org.br\/ecom\/wp-json\/wp\/v2\/pages\/75\/revisions\/100"}],"wp:attachment":[{"href":"https:\/\/casofa.org.br\/ecom\/wp-json\/wp\/v2\/media?parent=75"}],"curies":[{"name":"wp","href":"https:\/\/api.w.org\/{rel}","templated":true}]}}